{"id":618,"date":"2020-11-19T10:43:02","date_gmt":"2020-11-19T10:43:02","guid":{"rendered":"https:\/\/shankha.grabensia.hu\/?page_id=618"},"modified":"2020-11-19T12:59:58","modified_gmt":"2020-11-19T12:59:58","slug":"cookie-nyilatkozat","status":"publish","type":"page","link":"https:\/\/shankha.grabensia.hu\/en\/cookie-nyilatkozat\/","title":{"rendered":"COOKIE NYILATKOZAT"},"content":{"rendered":"<div id=\"modal-ready\">\n<p> <br> <\/p>\n\n\n\n<p> <\/p>\n\n\n\n<p><\/p>\n\n\n\n<h1 class=\"wp-block-heading\">COOKIE NYILATKOZAT<\/h1>\n\n\n\n<h3 class=\"wp-block-heading\"><strong>MIK AZOK A COOKIE-K (S\u00dcTIK), \u00c9S HOGYAN TUDOD M\u00d3DOS\u00cdTANI A<\/strong> <strong>BE\u00c1LL\u00cdT\u00c1SOKAT?<\/strong><\/h3>\n\n\n\n<p>A \u201ecookie\u201d-k (tov\u00e1bbiakban: \u201ecookie\u201d vagy \u201es\u00fcti\u201d) olyan kis sz\u00f6veges f\u00e1jlok, amelyeket egy weboldal felhaszn\u00e1lhat arra, hogy m\u00e9g hat\u00e9konyabb\u00e1 tegye a felhaszn\u00e1l\u00f3i \u00e9lm\u00e9nyt. N\u00e9h\u00e1ny \u201cs\u00fcti\u201d csak \u00e1tmeneti \u00e9s elt\u0171nik a b\u00f6ng\u00e9sz\u0151 bez\u00e1r\u00e1s\u00e1val, m\u00edg l\u00e9teznek tart\u00f3s v\u00e1ltozatok is, melyek huzamosabb ideig sz\u00e1m\u00edt\u00f3g\u00e9p\u00e9n maradnak. A jogszab\u00e1lyok szerint a s\u00fctiket abban az esetben t\u00e1rolhatjuk a l\u00e1togat\u00f3 eszk\u00f6z\u00e9n, ha erre felt\u00e9tlen\u00fcl sz\u00fcks\u00e9g van a weboldalunk m\u0171k\u00f6d\u00e9se \u00e9rdek\u00e9ben.<\/p>\n\n\n\n<p>Minden egy\u00e9b t\u00edpus\u00fa s\u00fcti haszn\u00e1lat\u00e1hoz a l\u00e1togat\u00f3 enged\u00e9ly\u00e9re van sz\u00fcks\u00e9g\u00fcnk. Jelen weboldal k\u00fcl\u00f6nf\u00e9le s\u00fctiket haszn\u00e1l. A weboldalon megjelen\u0151 n\u00e9h\u00e1ny s\u00fctit harmadik f\u00e9l szolg\u00e1ltat\u00f3ink helyezik el.<\/p>\n\n\n\n<p>A b\u00f6ng\u00e9sz\u0151k lehet\u0151s\u00e9get adnak a s\u00fcti-be\u00e1ll\u00edt\u00e1sok megv\u00e1ltoztat\u00e1s\u00e1ra. A legt\u00f6bb b\u00f6ng\u00e9sz\u0151 alap\u00e9rtelmezettk\u00e9nt automatikusan elfogadja a s\u00fctiket, de ez megv\u00e1ltoztathat\u00f3 annak \u00e9rdek\u00e9ben, hogy a be\u00e1ll\u00edt\u00e1st k\u00f6vet\u0151en megakad\u00e1lyozza az automatikus elfogad\u00e1st. Ha t\u00f6bbet szeretn\u00e9l megtudni a b\u00f6ng\u00e9sz\u0151 be\u00e1ll\u00edt\u00e1sainak m\u00f3dos\u00edt\u00e1s\u00e1r\u00f3l, n\u00e9zd \u00e1t a b\u00f6ng\u00e9sz\u0151 utas\u00edt\u00e1sait vagy s\u00fag\u00f3j\u00e1t. A legn\u00e9pszer\u0171bb b\u00f6ng\u00e9sz\u0151k s\u00fcti-be\u00e1ll\u00edt\u00e1sair\u00f3l az al\u00e1bbi linkeken t\u00e1j\u00e9koz\u00f3dhatsz:<\/p>\n\n\n\n<p>Google Chrome<br>Firefox<br>Microsoft Internet Explorer 11<br>Microsoft Internet Explorer 10<br>Microsoft Edge<br>Safari<\/p>\n\n\n\n<h3 class=\"wp-block-heading\"><strong>HOL T\u00d6RT\u00c9NIK MEG T\u00c1J\u00c9KOZTAT\u00c1S \u00c9S A HOZZ\u00c1J\u00c1RUL\u00c1S A S\u00dcTI KEZEL\u00c9SSEL<\/strong> <strong>KAPCSOLATBAN?<\/strong><\/h3>\n\n\n\n<p>Amikor a honlapunkat els\u0151 alkalommal l\u00e1togatod meg, akkor egy pop-up (felugr\u00f3) ablak jelenik meg a k\u00e9perny\u0151 tetej\u00e9n, \u00e9s meg tudod hat\u00e1rozni azt, hogy mely s\u00fctikhez adod a hozz\u00e1j\u00e1rul\u00e1sod. Ezen t\u00e1j\u00e9koztat\u00f3 ablak tartalmaz egy linket ehhez az Adatv\u00e9delmi Nyilatkozathoz is. <\/p>\n\n\n\n<h3 class=\"wp-block-heading\"><strong>S\u00dcTIK T\u00cdPUSAI:<\/strong><\/h3>\n\n\n\n<p><strong>Elengedhetetlen\u00fcl sz\u00fcks\u00e9ges s\u00fctik<\/strong><br>Az elengedhetetlen s\u00fctik weboldalunk haszn\u00e1lhat\u00f3s\u00e1g\u00e1t seg\u00edtik az\u00e1ltal, hogy enged\u00e9lyeznek olyan alapvet\u0151 funkci\u00f3kat, mint az oldalon val\u00f3 navig\u00e1ci\u00f3 \u00e9s a weboldal biztons\u00e1gos ter\u00fcleteihez val\u00f3 hozz\u00e1f\u00e9r\u00e9s.&nbsp;<br>A weboldal ezen s\u00fctik n\u00e9lk\u00fcl nem tud megfelel\u0151en m\u0171k\u00f6dni.<br>PHPSESSID A felhaszn\u00e1l\u00f3i munkamenet \u00e1llapot\u00e1t meg\u0151rzi az oldalk\u00e9r\u00e9sek k\u00f6z\u00f6tt. b\u00f6ng\u00e9sz\u0151 bez\u00e1r\u00e1s\u00e1ig CookieConsent Elt\u00e1rolja a felhaszn\u00e1l\u00f3 s\u00fctikezel\u00e9si nyilatkozat\u00e1t az adott domain-en. 1 \u00e9v<br>__cfduid A Cloudflare tartalomkiszolg\u00e1l\u00f3 azonos\u00edtja az internetes forgalmat. 1 \u00e9v <br>JSESSIONID Egyedi, anonim azonos\u00edt\u00f3t rendel minden oldalmegnyit\u00e1shoz az oldal haszn\u00e1lhat\u00f3s\u00e1g\u00e1nak jav\u00edt\u00e1sa \u00e9rdek\u00e9ben b\u00f6ng\u00e9sz\u0151 bez\u00e1r\u00e1s\u00e1ig<br>wp_woocommerce_session_ Meg\u0151rzi a kos\u00e1r tartalm\u00e1t az oldalak k\u00f6z\u00f6tti navig\u00e1l\u00e1s sor\u00e1n b\u00f6ng\u00e9sz\u0151 bez\u00e1r\u00e1s\u00e1ig<br>woocommerce_items_in_cart Meg\u0151rzi a kos\u00e1r tartalm\u00e1t az oldalak k\u00f6z\u00f6tti navig\u00e1l\u00e1s sor\u00e1n b\u00f6ng\u00e9sz\u0151 bez\u00e1r\u00e1s\u00e1ig<br>wc_cart_hash_ Egyedi azonos\u00edt\u00f3t t\u00e1rs\u00edt minden v\u00e1s\u00e1rl\u00f3hoz, hogy a rendszer \u00f6ssze tudja kapcsolni a rendel\u00e9seket a v\u00e1s\u00e1rl\u00f3val 1 nap<\/p>\n\n\n\n<p><strong>Preferenci\u00e1lis s\u00fctik<\/strong><br>A preferenci\u00e1lis s\u00fctik haszn\u00e1lat\u00e1val olyan inform\u00e1ci\u00f3kat tudunk megjegyezni, amelyek megv\u00e1ltoztatj\u00e1k a weboldal bizonyos magatart\u00e1s\u00e1t, illetve kin\u00e9zet\u00e9t, erre p\u00e9lda lehet az \u00e1ltalad el\u0151nyben r\u00e9szes\u00edtett nyelv vagy a r\u00e9gi\u00f3, amelyben tart\u00f3zkodsz.<\/p>\n\n\n\n<p><strong>Statisztikai c\u00e9l\u00fa s\u00fctik<\/strong><br>Az adatok n\u00e9vtelen form\u00e1ban val\u00f3 gy\u0171jt\u00e9s\u00e9n \u00e9s jelent\u00e9s\u00e9n kereszt\u00fcl a statisztikai s\u00fctik seg\u00edtenek a weboldal tulajdonos\u00e1nak abban, hogy meg\u00e9rtse, hogyan l\u00e9pnek interakci\u00f3ba a l\u00e1togat\u00f3k a weboldallal. <br>_ga Egyedi azonos\u00edt\u00f3t r\u00f6gz\u00edt, seg\u00edts\u00e9g\u00e9vel anonim statisztikai adatokat k\u00e9sz\u00edt a weboldal haszn\u00e1lat\u00e1val kacsolatban. 2 \u00e9v <br>_gid Egyedi azonos\u00edt\u00f3t r\u00f6gz\u00edt, seg\u00edts\u00e9g\u00e9vel anonim statisztikai adatokat k\u00e9sz\u00edt a weboldal haszn\u00e1lat\u00e1val kacsolatban. 2 \u00e9v <br>_gat A Google Analytics haszn\u00e1lja a lek\u00e9r\u00e9sek gyakoris\u00e1g\u00e1nak szab\u00e1lyz\u00e1s\u00e1hoz. b\u00f6ng\u00e9sz\u0151 bez\u00e1r\u00e1s\u00e1ig collect A Google Analytics sz\u00e1m\u00e1ra gy\u0171jt adatot a felhaszn\u00e1l\u00f3 eszk\u00f6z\u00e9r\u0151l \u00e9s b\u00f6ng\u00e9sz\u00e9si szok\u00e1sair\u00f3l, k\u00fcl\u00f6nb\u00f6z\u0151 eszk\u00f6z\u00f6k\u00f6n \u00e9s marketingcsatorn\u00e1kon \u00e1t. b\u00f6ng\u00e9sz\u0151 bez\u00e1r\u00e1s\u00e1ig<\/p>\n\n\n\n<p><strong>Marketing c\u00e9l\u00fa s\u00fctik<\/strong><br>A szem\u00e9lyre szabott s\u00fctiket a l\u00e1togat\u00f3k weboldal-tev\u00e9kenys\u00e9g\u00e9nek nyomon k\u00f6vet\u00e9s\u00e9re haszn\u00e1ljuk. A c\u00e9l az, hogy min\u00e9l relev\u00e1nsabb hirdet\u00e9seket tegy\u00fcnk k\u00f6zz\u00e9 az egy\u00e9ni felhaszn\u00e1l\u00f3k sz\u00e1m\u00e1ra, preferenci\u00e1juknak megfelel\u0151 tartalmat jelen\u00edts\u00fcnk meg, valamint aktivit\u00e1sra buzd\u00edtsuk \u0151ket.<br>ads\/ga-audiences A Google Adwords haszn\u00e1lja, olyan felhaszn\u00e1l\u00f3k c\u00e9lz\u00e1s\u00e1hoz, akiknek a b\u00f6ng\u00e9sz\u00e9si szok\u00e1saik alapj\u00e1n magasabb v\u00e1s\u00e1rl\u00e1si hajlad\u00f3s\u00e1ga felt\u00e9telezhet\u0151. b\u00f6ng\u00e9sz\u0151 bez\u00e1r\u00e1s\u00e1ig<br>pref Egyedi azonos\u00edt\u00f3t r\u00f6gz\u00edt, melyb\u0151l a Google statisztik\u00e1t k\u00e9sz\u00edt a felhaszn\u00e1l\u00f3 \u00e1ltal YouTube-on megtekintett vide\u00f3kr\u00f3l. 8 h\u00f3nap<br>fr A Facebook haszn\u00e1lja, olyan felhaszn\u00e1l\u00f3k c\u00e9lz\u00e1s\u00e1hoz, akiknek a b\u00f6ng\u00e9sz\u00e9si szok\u00e1saik alapj\u00e1n magasabb v\u00e1s\u00e1rl\u00e1si hajlad\u00f3s\u00e1ga felt\u00e9telezhet\u0151. 3 h\u00f3nap<br>tr A Facebook haszn\u00e1lja, olyan felhaszn\u00e1l\u00f3k c\u00e9lz\u00e1s\u00e1hoz, akiknek a b\u00f6ng\u00e9sz\u00e9si szok\u00e1saik alapj\u00e1n magasabb v\u00e1s\u00e1rl\u00e1si hajlad\u00f3s\u00e1ga felt\u00e9telezhet\u0151.<br>b\u00f6ng\u00e9sz\u0151 bez\u00e1r\u00e1s\u00e1ig<\/p>\n\n\n\n<p><strong>A S\u00dcTIK BE\u00c1LL\u00cdT\u00c1SAINAK ELLEN\u0150RZ\u00c9SE \u00c9S LETILT\u00c1SA<\/strong><\/p>\n\n\n\n<p>A modern b\u00f6ng\u00e9sz\u0151k enged\u00e9lyezik a \u201cs\u00fcti be\u00e1ll\u00edt\u00e1sok\u201d m\u00f3dos\u00edt\u00e1s\u00e1t. A b\u00f6ng\u00e9sz\u0151k egy r\u00e9sze alap\u00e9rtelmezettk\u00e9nt automatikusan elfogadja a \u201cs\u00fctiket\u201d, de ez a be\u00e1ll\u00edt\u00e1s is megv\u00e1ltoztathat\u00f3 annak \u00e9rdek\u00e9ben, hogy a j\u00f6v\u0151re n\u00e9zve megakad\u00e1lyozza a l\u00e1togat\u00f3 az automatikus elfogad\u00e1st. \u00c1t\u00e1ll\u00edt\u00e1s eset\u00e9n a b\u00f6ng\u00e9sz\u0151 a tov\u00e1bbiakban minden alkalommal felaj\u00e1nlja a \u201cs\u00fctik be\u00e1ll\u00edt\u00e1s\u00e1nak\u201d v\u00e1laszt\u00e1si lehet\u0151s\u00e9g\u00e9t.  Az Adatkezel\u0151 a \u201cs\u00fctik\u201d enged\u00e9lyez\u00e9se eset\u00e9n sem jegyez meg semmilyen azonos\u00edt\u00f3t vagy jelsz\u00f3t. A l\u00e1togat\u00f3 a \u201cs\u00fctik\u201d elfogad\u00e1sa eset\u00e9n is teljes biztons\u00e1gban haszn\u00e1lhatja a szolg\u00e1ltat\u00e1sokat.<br>Felh\u00edvjuk l\u00e1togat\u00f3ink figyelm\u00e9t, hogy mivel a \u201cs\u00fctik\u201d c\u00e9lja a weboldal haszn\u00e1lhat\u00f3s\u00e1g\u00e1nak \u00e9s folyamatainak t\u00e1mogat\u00e1sa, valamint megk\u00f6nny\u00edt\u00e9se, a \u201cs\u00fctik\u201d letilt\u00e1sa eset\u00e9n nem tudjuk garant\u00e1lni, hogy a l\u00e1togat\u00f3 k\u00e9pes lesz a weboldal valamennyi funkci\u00f3j\u00e1nak teljes k\u00f6r\u0171 haszn\u00e1lat\u00e1ra.<br>A weboldal ez esetben a tervezett\u0151l elt\u00e9r\u0151en m\u0171k\u00f6dhet a b\u00f6ng\u00e9sz\u0151ben.<\/p>\n<\/div>","protected":false},"excerpt":{"rendered":"<p>COOKIE NYILATKOZAT MIK AZOK A COOKIE-K (S\u00dcTIK), \u00c9S HOGYAN TUDOD M\u00d3DOS\u00cdTANI A BE\u00c1LL\u00cdT\u00c1SOKAT? A \u201ecookie\u201d-k (tov\u00e1bbiakban: \u201ecookie\u201d vagy \u201es\u00fcti\u201d) olyan kis sz\u00f6veges f\u00e1jlok, amelyeket egy weboldal felhaszn\u00e1lhat arra, hogy m\u00e9g hat\u00e9konyabb\u00e1 tegye a felhaszn\u00e1l\u00f3i \u00e9lm\u00e9nyt. N\u00e9h\u00e1ny \u201cs\u00fcti\u201d csak \u00e1tmeneti \u00e9s elt\u0171nik a b\u00f6ng\u00e9sz\u0151 bez\u00e1r\u00e1s\u00e1val, m\u00edg l\u00e9teznek tart\u00f3s v\u00e1ltozatok is, melyek huzamosabb ideig sz\u00e1m\u00edt\u00f3g\u00e9p\u00e9n maradnak. A [&hellip;]<\/p>\n","protected":false},"author":7,"featured_media":0,"parent":0,"menu_order":0,"comment_status":"closed","ping_status":"open","template":"","meta":{"_et_pb_use_builder":"off","_et_pb_old_content":"<!-- wp:heading {\"level\":3} -->\n<h3><strong>MIK AZOK A COOKIE-K (S\u00dcTIK), \u00c9S HOGYAN TUDOD M\u00d3DOS\u00cdTANI A<\/strong> <strong>BE\u00c1LL\u00cdT\u00c1SOKAT?<\/strong><\/h3>\n<!-- \/wp:heading -->\n\n<!-- wp:paragraph -->\n<p>A \u201ecookie\u201d-k (tov\u00e1bbiakban: \u201ecookie\u201d vagy \u201es\u00fcti\u201d) olyan kis sz\u00f6veges f\u00e1jlok, amelyeket egy weboldal felhaszn\u00e1lhat arra, hogy m\u00e9g hat\u00e9konyabb\u00e1 tegye a felhaszn\u00e1l\u00f3i \u00e9lm\u00e9nyt. N\u00e9h\u00e1ny \u201cs\u00fcti\u201d csak \u00e1tmeneti \u00e9s elt\u0171nik a b\u00f6ng\u00e9sz\u0151 bez\u00e1r\u00e1s\u00e1val, m\u00edg l\u00e9teznek tart\u00f3s v\u00e1ltozatok is, melyek huzamosabb ideig sz\u00e1m\u00edt\u00f3g\u00e9p\u00e9n maradnak. A jogszab\u00e1lyok szerint a s\u00fctiket abban az esetben t\u00e1rolhatjuk a l\u00e1togat\u00f3 eszk\u00f6z\u00e9n, ha erre felt\u00e9tlen\u00fcl sz\u00fcks\u00e9g van a weboldalunk m\u0171k\u00f6d\u00e9se \u00e9rdek\u00e9ben.<\/p>\n<!-- \/wp:paragraph -->\n\n<!-- wp:paragraph -->\n<p>Minden egy\u00e9b t\u00edpus\u00fa s\u00fcti haszn\u00e1lat\u00e1hoz a l\u00e1togat\u00f3 enged\u00e9ly\u00e9re van sz\u00fcks\u00e9g\u00fcnk. Jelen weboldal k\u00fcl\u00f6nf\u00e9le s\u00fctiket haszn\u00e1l. A weboldalon megjelen\u0151 n\u00e9h\u00e1ny s\u00fctit harmadik f\u00e9l szolg\u00e1ltat\u00f3ink helyezik el.<\/p>\n<!-- \/wp:paragraph -->\n\n<!-- wp:paragraph -->\n<p>A b\u00f6ng\u00e9sz\u0151k lehet\u0151s\u00e9get adnak a s\u00fcti-be\u00e1ll\u00edt\u00e1sok megv\u00e1ltoztat\u00e1s\u00e1ra. A legt\u00f6bb b\u00f6ng\u00e9sz\u0151 alap\u00e9rtelmezettk\u00e9nt automatikusan elfogadja a s\u00fctiket, de ez megv\u00e1ltoztathat\u00f3 annak \u00e9rdek\u00e9ben, hogy a be\u00e1ll\u00edt\u00e1st k\u00f6vet\u0151en megakad\u00e1lyozza az automatikus elfogad\u00e1st. Ha t\u00f6bbet szeretn\u00e9l megtudni a b\u00f6ng\u00e9sz\u0151 be\u00e1ll\u00edt\u00e1sainak m\u00f3dos\u00edt\u00e1s\u00e1r\u00f3l, n\u00e9zd \u00e1t a b\u00f6ng\u00e9sz\u0151 utas\u00edt\u00e1sait vagy s\u00fag\u00f3j\u00e1t. A legn\u00e9pszer\u0171bb b\u00f6ng\u00e9sz\u0151k s\u00fcti-be\u00e1ll\u00edt\u00e1sair\u00f3l az al\u00e1bbi linkeken t\u00e1j\u00e9koz\u00f3dhatsz:<\/p>\n<!-- \/wp:paragraph -->\n\n<!-- wp:paragraph -->\n<p>Google Chrome<br>Firefox<br>Microsoft Internet Explorer 11<br>Microsoft Internet Explorer 10<br>Microsoft Edge<br>Safari<\/p>\n<!-- \/wp:paragraph -->\n\n<!-- wp:heading {\"level\":3} -->\n<h3><strong>HOL T\u00d6RT\u00c9NIK MEG T\u00c1J\u00c9KOZTAT\u00c1S \u00c9S A HOZZ\u00c1J\u00c1RUL\u00c1S A S\u00dcTI KEZEL\u00c9SSEL<\/strong> <strong>KAPCSOLATBAN?<\/strong><\/h3>\n<!-- \/wp:heading -->\n\n<!-- wp:paragraph -->\n<p>Amikor a honlapunkat els\u0151 alkalommal l\u00e1togatod meg, akkor egy pop-up (felugr\u00f3) ablak jelenik meg a k\u00e9perny\u0151 tetej\u00e9n, \u00e9s meg tudod hat\u00e1rozni azt, hogy mely s\u00fctikhez adod a hozz\u00e1j\u00e1rul\u00e1sod. Ezen t\u00e1j\u00e9koztat\u00f3 ablak tartalmaz egy linket ehhez az Adatv\u00e9delmi Nyilatkozathoz is. <\/p>\n<!-- \/wp:paragraph -->\n\n<!-- wp:heading {\"level\":3} -->\n<h3><strong>S\u00dcTIK T\u00cdPUSAI:<\/strong><\/h3>\n<!-- \/wp:heading -->\n\n<!-- wp:paragraph -->\n<p><strong>Elengedhetetlen\u00fcl sz\u00fcks\u00e9ges s\u00fctik<\/strong><br>Az elengedhetetlen s\u00fctik weboldalunk haszn\u00e1lhat\u00f3s\u00e1g\u00e1t seg\u00edtik az\u00e1ltal, hogy enged\u00e9lyeznek olyan alapvet\u0151 funkci\u00f3kat, mint az oldalon val\u00f3 navig\u00e1ci\u00f3 \u00e9s a weboldal biztons\u00e1gos ter\u00fcleteihez val\u00f3 hozz\u00e1f\u00e9r\u00e9s.&nbsp;<br>A weboldal ezen s\u00fctik n\u00e9lk\u00fcl nem tud megfelel\u0151en m\u0171k\u00f6dni.<br>PHPSESSID A felhaszn\u00e1l\u00f3i munkamenet \u00e1llapot\u00e1t meg\u0151rzi az oldalk\u00e9r\u00e9sek k\u00f6z\u00f6tt. b\u00f6ng\u00e9sz\u0151 bez\u00e1r\u00e1s\u00e1ig CookieConsent Elt\u00e1rolja a felhaszn\u00e1l\u00f3 s\u00fctikezel\u00e9si nyilatkozat\u00e1t az adott domain-en. 1 \u00e9v<br>__cfduid A Cloudflare tartalomkiszolg\u00e1l\u00f3 azonos\u00edtja az internetes forgalmat. 1 \u00e9v <br>JSESSIONID Egyedi, anonim azonos\u00edt\u00f3t rendel minden oldalmegnyit\u00e1shoz az oldal haszn\u00e1lhat\u00f3s\u00e1g\u00e1nak jav\u00edt\u00e1sa \u00e9rdek\u00e9ben b\u00f6ng\u00e9sz\u0151 bez\u00e1r\u00e1s\u00e1ig<br>wp_woocommerce_session_ Meg\u0151rzi a kos\u00e1r tartalm\u00e1t az oldalak k\u00f6z\u00f6tti navig\u00e1l\u00e1s sor\u00e1n b\u00f6ng\u00e9sz\u0151 bez\u00e1r\u00e1s\u00e1ig<br>woocommerce_items_in_cart Meg\u0151rzi a kos\u00e1r tartalm\u00e1t az oldalak k\u00f6z\u00f6tti navig\u00e1l\u00e1s sor\u00e1n b\u00f6ng\u00e9sz\u0151 bez\u00e1r\u00e1s\u00e1ig<br>wc_cart_hash_ Egyedi azonos\u00edt\u00f3t t\u00e1rs\u00edt minden v\u00e1s\u00e1rl\u00f3hoz, hogy a rendszer \u00f6ssze tudja kapcsolni a rendel\u00e9seket a v\u00e1s\u00e1rl\u00f3val 1 nap<\/p>\n<!-- \/wp:paragraph -->\n\n<!-- wp:paragraph -->\n<p><strong>Preferenci\u00e1lis s\u00fctik<\/strong><br>A preferenci\u00e1lis s\u00fctik haszn\u00e1lat\u00e1val olyan inform\u00e1ci\u00f3kat tudunk megjegyezni, amelyek megv\u00e1ltoztatj\u00e1k a weboldal bizonyos magatart\u00e1s\u00e1t, illetve kin\u00e9zet\u00e9t, erre p\u00e9lda lehet az \u00e1ltalad el\u0151nyben r\u00e9szes\u00edtett nyelv vagy a r\u00e9gi\u00f3, amelyben tart\u00f3zkodsz.<\/p>\n<!-- \/wp:paragraph -->\n\n<!-- wp:paragraph -->\n<p><strong>Statisztikai c\u00e9l\u00fa s\u00fctik<\/strong><br>Az adatok n\u00e9vtelen form\u00e1ban val\u00f3 gy\u0171jt\u00e9s\u00e9n \u00e9s jelent\u00e9s\u00e9n kereszt\u00fcl a statisztikai s\u00fctik seg\u00edtenek a weboldal tulajdonos\u00e1nak abban, hogy meg\u00e9rtse, hogyan l\u00e9pnek interakci\u00f3ba a l\u00e1togat\u00f3k a weboldallal. <br>_ga Egyedi azonos\u00edt\u00f3t r\u00f6gz\u00edt, seg\u00edts\u00e9g\u00e9vel anonim statisztikai adatokat k\u00e9sz\u00edt a weboldal haszn\u00e1lat\u00e1val kacsolatban. 2 \u00e9v <br>_gid Egyedi azonos\u00edt\u00f3t r\u00f6gz\u00edt, seg\u00edts\u00e9g\u00e9vel anonim statisztikai adatokat k\u00e9sz\u00edt a weboldal haszn\u00e1lat\u00e1val kacsolatban. 2 \u00e9v <br>_gat A Google Analytics haszn\u00e1lja a lek\u00e9r\u00e9sek gyakoris\u00e1g\u00e1nak szab\u00e1lyz\u00e1s\u00e1hoz. b\u00f6ng\u00e9sz\u0151 bez\u00e1r\u00e1s\u00e1ig collect A Google Analytics sz\u00e1m\u00e1ra gy\u0171jt adatot a felhaszn\u00e1l\u00f3 eszk\u00f6z\u00e9r\u0151l \u00e9s b\u00f6ng\u00e9sz\u00e9si szok\u00e1sair\u00f3l, k\u00fcl\u00f6nb\u00f6z\u0151 eszk\u00f6z\u00f6k\u00f6n \u00e9s marketingcsatorn\u00e1kon \u00e1t. b\u00f6ng\u00e9sz\u0151 bez\u00e1r\u00e1s\u00e1ig<\/p>\n<!-- \/wp:paragraph -->\n\n<!-- wp:paragraph -->\n<p><strong>Marketing c\u00e9l\u00fa s\u00fctik<\/strong><br>A szem\u00e9lyre szabott s\u00fctiket a l\u00e1togat\u00f3k weboldal-tev\u00e9kenys\u00e9g\u00e9nek nyomon k\u00f6vet\u00e9s\u00e9re haszn\u00e1ljuk. A c\u00e9l az, hogy min\u00e9l relev\u00e1nsabb hirdet\u00e9seket tegy\u00fcnk k\u00f6zz\u00e9 az egy\u00e9ni felhaszn\u00e1l\u00f3k sz\u00e1m\u00e1ra, preferenci\u00e1juknak megfelel\u0151 tartalmat jelen\u00edts\u00fcnk meg, valamint aktivit\u00e1sra buzd\u00edtsuk \u0151ket.<br>ads\/ga-audiences A Google Adwords haszn\u00e1lja, olyan felhaszn\u00e1l\u00f3k c\u00e9lz\u00e1s\u00e1hoz, akiknek a b\u00f6ng\u00e9sz\u00e9si szok\u00e1saik alapj\u00e1n magasabb v\u00e1s\u00e1rl\u00e1si hajlad\u00f3s\u00e1ga felt\u00e9telezhet\u0151. b\u00f6ng\u00e9sz\u0151 bez\u00e1r\u00e1s\u00e1ig<br>pref Egyedi azonos\u00edt\u00f3t r\u00f6gz\u00edt, melyb\u0151l a Google statisztik\u00e1t k\u00e9sz\u00edt a felhaszn\u00e1l\u00f3 \u00e1ltal YouTube-on megtekintett vide\u00f3kr\u00f3l. 8 h\u00f3nap<br>fr A Facebook haszn\u00e1lja, olyan felhaszn\u00e1l\u00f3k c\u00e9lz\u00e1s\u00e1hoz, akiknek a b\u00f6ng\u00e9sz\u00e9si szok\u00e1saik alapj\u00e1n magasabb v\u00e1s\u00e1rl\u00e1si hajlad\u00f3s\u00e1ga felt\u00e9telezhet\u0151. 3 h\u00f3nap<br>tr A Facebook haszn\u00e1lja, olyan felhaszn\u00e1l\u00f3k c\u00e9lz\u00e1s\u00e1hoz, akiknek a b\u00f6ng\u00e9sz\u00e9si szok\u00e1saik alapj\u00e1n magasabb v\u00e1s\u00e1rl\u00e1si hajlad\u00f3s\u00e1ga felt\u00e9telezhet\u0151.<br>b\u00f6ng\u00e9sz\u0151 bez\u00e1r\u00e1s\u00e1ig<\/p>\n<!-- \/wp:paragraph -->\n\n<!-- wp:paragraph -->\n<p><strong>A S\u00dcTIK BE\u00c1LL\u00cdT\u00c1SAINAK ELLEN\u0150RZ\u00c9SE \u00c9S LETILT\u00c1SA<\/strong><\/p>\n<!-- \/wp:paragraph -->\n\n<!-- wp:paragraph -->\n<p>A modern b\u00f6ng\u00e9sz\u0151k enged\u00e9lyezik a \u201cs\u00fcti be\u00e1ll\u00edt\u00e1sok\u201d m\u00f3dos\u00edt\u00e1s\u00e1t. A b\u00f6ng\u00e9sz\u0151k egy r\u00e9sze alap\u00e9rtelmezettk\u00e9nt automatikusan elfogadja a \u201cs\u00fctiket\u201d, de ez a be\u00e1ll\u00edt\u00e1s is megv\u00e1ltoztathat\u00f3 annak \u00e9rdek\u00e9ben, hogy a j\u00f6v\u0151re n\u00e9zve megakad\u00e1lyozza a l\u00e1togat\u00f3 az automatikus elfogad\u00e1st. \u00c1t\u00e1ll\u00edt\u00e1s eset\u00e9n a b\u00f6ng\u00e9sz\u0151 a tov\u00e1bbiakban minden alkalommal felaj\u00e1nlja a \u201cs\u00fctik be\u00e1ll\u00edt\u00e1s\u00e1nak\u201d v\u00e1laszt\u00e1si lehet\u0151s\u00e9g\u00e9t.  Az Adatkezel\u0151 a \u201cs\u00fctik\u201d enged\u00e9lyez\u00e9se eset\u00e9n sem jegyez meg semmilyen azonos\u00edt\u00f3t vagy jelsz\u00f3t. A l\u00e1togat\u00f3 a \u201cs\u00fctik\u201d elfogad\u00e1sa eset\u00e9n is teljes biztons\u00e1gban haszn\u00e1lhatja a szolg\u00e1ltat\u00e1sokat.<br>Felh\u00edvjuk l\u00e1togat\u00f3ink figyelm\u00e9t, hogy mivel a \u201cs\u00fctik\u201d c\u00e9lja a weboldal haszn\u00e1lhat\u00f3s\u00e1g\u00e1nak \u00e9s folyamatainak t\u00e1mogat\u00e1sa, valamint megk\u00f6nny\u00edt\u00e9se, a \u201cs\u00fctik\u201d letilt\u00e1sa eset\u00e9n nem tudjuk garant\u00e1lni, hogy a l\u00e1togat\u00f3 k\u00e9pes lesz a weboldal valamennyi funkci\u00f3j\u00e1nak teljes k\u00f6r\u0171 haszn\u00e1lat\u00e1ra.<br>A weboldal ez esetben a tervezett\u0151l elt\u00e9r\u0151en m\u0171k\u00f6dhet a b\u00f6ng\u00e9sz\u0151ben.<\/p>\n<!-- \/wp:paragraph -->","_et_gb_content_width":"","inline_featured_image":false,"footnotes":""},"class_list":["post-618","page","type-page","status-publish","hentry"],"_links":{"self":[{"href":"https:\/\/shankha.grabensia.hu\/en\/wp-json\/wp\/v2\/pages\/618","targetHints":{"allow":["GET"]}}],"collection":[{"href":"https:\/\/shankha.grabensia.hu\/en\/wp-json\/wp\/v2\/pages"}],"about":[{"href":"https:\/\/shankha.grabensia.hu\/en\/wp-json\/wp\/v2\/types\/page"}],"author":[{"embeddable":true,"href":"https:\/\/shankha.grabensia.hu\/en\/wp-json\/wp\/v2\/users\/7"}],"replies":[{"embeddable":true,"href":"https:\/\/shankha.grabensia.hu\/en\/wp-json\/wp\/v2\/comments?post=618"}],"version-history":[{"count":7,"href":"https:\/\/shankha.grabensia.hu\/en\/wp-json\/wp\/v2\/pages\/618\/revisions"}],"predecessor-version":[{"id":668,"href":"https:\/\/shankha.grabensia.hu\/en\/wp-json\/wp\/v2\/pages\/618\/revisions\/668"}],"wp:attachment":[{"href":"https:\/\/shankha.grabensia.hu\/en\/wp-json\/wp\/v2\/media?parent=618"}],"curies":[{"name":"wp","href":"https:\/\/api.w.org\/{rel}","templated":true}]}}